{"id":17,"date":"2022-01-18T15:47:57","date_gmt":"2022-01-18T15:47:57","guid":{"rendered":"http:\/\/www.projekt20.pro\/?page_id=17"},"modified":"2022-01-18T17:35:24","modified_gmt":"2022-01-18T17:35:24","slug":"kontakt","status":"publish","type":"page","link":"https:\/\/www.projekt20.pro\/index.php\/kontakt\/","title":{"rendered":"Kontakt"},"content":{"rendered":"\n<p>Projekt 2.0. sp\u00f3\u0142ka z ograniczon\u0105 odpowiedzialno\u015bci\u0105<\/p>\n\n\n\n<p>ul. Warszawska 6 lok. 32<\/p>\n\n\n\n<p>15-063 Bia\u0142ystok<\/p>\n\n\n\n<p>biuro@projekt20.pro<\/p>\n\n\n\n<p><\/p>\n","protected":false},"excerpt":{"rendered":"<p>Projekt 2.0. sp\u00f3\u0142ka z ograniczon\u0105 odpowiedzialno\u015bci\u0105 ul. Warszawska 6 lok. 32 15-063 Bia\u0142ystok biuro@projekt20.pro<\/p>\n","protected":false},"author":1,"featured_media":0,"parent":0,"menu_order":0,"comment_status":"closed","ping_status":"closed","template":"","meta":[],"_links":{"self":[{"href":"https:\/\/www.projekt20.pro\/index.php\/wp-json\/wp\/v2\/pages\/17"}],"collection":[{"href":"https:\/\/www.projekt20.pro\/index.php\/wp-json\/wp\/v2\/pages"}],"about":[{"href":"https:\/\/www.projekt20.pro\/index.php\/wp-json\/wp\/v2\/types\/page"}],"author":[{"embeddable":true,"href":"https:\/\/www.projekt20.pro\/index.php\/wp-json\/wp\/v2\/users\/1"}],"replies":[{"embeddable":true,"href":"https:\/\/www.projekt20.pro\/index.php\/wp-json\/wp\/v2\/comments?post=17"}],"version-history":[{"count":2,"href":"https:\/\/www.projekt20.pro\/index.php\/wp-json\/wp\/v2\/pages\/17\/revisions"}],"predecessor-version":[{"id":55,"href":"https:\/\/www.projekt20.pro\/index.php\/wp-json\/wp\/v2\/pages\/17\/revisions\/55"}],"wp:attachment":[{"href":"https:\/\/www.projekt20.pro\/index.php\/wp-json\/wp\/v2\/media?parent=17"}],"curies":[{"name":"wp","href":"https:\/\/api.w.org\/{rel}","templated":true}]}}